{"id":14,"date":"2024-07-03T10:07:32","date_gmt":"2024-07-03T13:07:32","guid":{"rendered":"https:\/\/joaovonseehausen.com.br\/?page_id=14"},"modified":"2024-08-16T01:49:14","modified_gmt":"2024-08-16T04:49:14","slug":"propostas","status":"publish","type":"page","link":"https:\/\/joaovonseehausen.com.br\/?page_id=14","title":{"rendered":"Propostas"},"content":{"rendered":"\n<p>Nosso mandato de VEREADOR ser\u00e1 participativo e voltado para as \u00e1reas que mais precisam de pol\u00edticas p\u00fablicas na cidade. S\u00e3o elas:<\/p>\n\n\n\n<p><strong><u>MEIO AMBIENTE<\/u><\/strong><br>Controle dos desmatamentos e de ocupa\u00e7\u00e3o irregular de encostas;<br>Anti-enchentes: repensar o curso e escoamento de \u00e1guas pluviais;<br>Viabiliza\u00e7\u00e3o de atividades ambientais, como parques, jardim e eventos;<br>Destina\u00e7\u00e3o, cuidados e controle de animais silvestres e dom\u00e9sticos.<\/p>\n\n\n\n<p><strong><u>TURISMO<\/u><\/strong><br>Cria\u00e7\u00e3o de novos atrativos tur\u00edsticos permanentes;<br>Fortalecimento do calend\u00e1rio permanente de eventos;<br>Resgatar o potencial da Rua Teresa.<\/p>\n\n\n\n<p><strong><u>MOBILIDADE URBANA<\/u><\/strong><br>Concess\u00e3o geral para novas empresas de \u00f4nibus em Petr\u00f3polis;<br>Solu\u00e7\u00e3o aos congestionamentos, principalmente no Centro e nas regi\u00f5es de Itaipava e Corr\u00eaas;<\/p>\n\n\n\n<p><strong><u>EDUCA\u00c7\u00c3O<\/u><\/strong><br>Amplia\u00e7\u00e3o e melhor gerenciamento da oferta de vagas em CEIs;<br>Forma\u00e7\u00e3o profissional no setor de tecnologia, grande voca\u00e7\u00e3o da cidade;<\/p>\n\n\n\n<p><strong><u>EMPREGO E RENDA<\/u><\/strong><br>Incentivos para a instala\u00e7\u00e3o de grandes empresas e ind\u00fastrias; <br>Potencializa\u00e7\u00e3o do empreededorismo: capacita\u00e7\u00e3o e acompanhamento;<br>Incentivo ao primeiro emprego e programa para jovens aprendizes.<\/p>\n\n\n\n<p><strong><u>INFRAESTRUTURA<\/u><\/strong><br>Melhorias ao setor rural: estradas, irriga\u00e7\u00e3o e escoamento de produ\u00e7\u00f5es;<br>Reurbaniza\u00e7\u00e3o: ruas e cal\u00e7adas sempre conservadas e acess\u00edveis;<\/p>\n\n\n\n<p><strong><u>SA\u00daDE<\/u><\/strong><br><\/p>\n\n\n\n<p>Fiscaliza\u00e7\u00e3o constante e efetiva de contratos, servi\u00e7os e protocolos;<br>Otimiza\u00e7\u00e3o das filas de regula\u00e7\u00e3o do atendimento cl\u00ednico e de cirurgias.<\/p>\n","protected":false},"excerpt":{"rendered":"<p>Nosso mandato de VEREADOR ser\u00e1 participativo e voltado para as \u00e1reas que mais precisam de pol\u00edticas p\u00fablicas na cidade. S\u00e3o elas: MEIO AMBIENTEControle dos desmatamentos &hellip;<\/p>\n","protected":false},"author":2,"featured_media":91,"parent":0,"menu_order":0,"comment_status":"closed","ping_status":"closed","template":"","meta":{"footnotes":""},"_links":{"self":[{"href":"https:\/\/joaovonseehausen.com.br\/index.php?rest_route=\/wp\/v2\/pages\/14"}],"collection":[{"href":"https:\/\/joaovonseehausen.com.br\/index.php?rest_route=\/wp\/v2\/pages"}],"about":[{"href":"https:\/\/joaovonseehausen.com.br\/index.php?rest_route=\/wp\/v2\/types\/page"}],"author":[{"embeddable":true,"href":"https:\/\/joaovonseehausen.com.br\/index.php?rest_route=\/wp\/v2\/users\/2"}],"replies":[{"embeddable":true,"href":"https:\/\/joaovonseehausen.com.br\/index.php?rest_route=%2Fwp%2Fv2%2Fcomments&post=14"}],"version-history":[{"count":3,"href":"https:\/\/joaovonseehausen.com.br\/index.php?rest_route=\/wp\/v2\/pages\/14\/revisions"}],"predecessor-version":[{"id":90,"href":"https:\/\/joaovonseehausen.com.br\/index.php?rest_route=\/wp\/v2\/pages\/14\/revisions\/90"}],"wp:featuredmedia":[{"embeddable":true,"href":"https:\/\/joaovonseehausen.com.br\/index.php?rest_route=\/wp\/v2\/media\/91"}],"wp:attachment":[{"href":"https:\/\/joaovonseehausen.com.br\/index.php?rest_route=%2Fwp%2Fv2%2Fmedia&parent=14"}],"curies":[{"name":"wp","href":"https:\/\/api.w.org\/{rel}","templated":true}]}}