{"id":12,"date":"2024-07-03T10:05:34","date_gmt":"2024-07-03T13:05:34","guid":{"rendered":"https:\/\/joaovonseehausen.com.br\/?page_id=12"},"modified":"2024-08-16T01:39:35","modified_gmt":"2024-08-16T04:39:35","slug":"experiencia","status":"publish","type":"page","link":"https:\/\/joaovonseehausen.com.br\/?page_id=12","title":{"rendered":"Experi\u00eancia"},"content":{"rendered":"\n<p>Com experi\u00eancia em direito p\u00fablico, atuou como Procurador do Munic\u00edpio de Petr\u00f3polis e como Presidente do Inpas &#8211; Instituto de Previd\u00eancia e Assist\u00eancia Social do Servidor P\u00fablico do Munic\u00edpio de Petr\u00f3polis. <\/p>\n\n\n\n<p>Como Assessor do Governo do Estado do Rio de Janeiro, ajudei a transformar a vida de muitas pessoas, participando da implementa\u00e7\u00e3o, em Petr\u00f3polis, de importantes projetos, como:<\/p>\n\n\n\n<p><strong>RJ para todos + servi\u00e7os:<\/strong> a\u00e7\u00e3o gratuita de emiss\u00e3o de carteiras de identidade e de trabalho, isen\u00e7\u00e3o para certid\u00f5es de nascimento, \u00f3bito e casamento, balc\u00e3o de empregos, orienta\u00e7\u00e3o ao consumidor e defensoria p\u00fablica. Mais de 10mil atendimentos realizados em Petr\u00f3polis<br>Localidades beneficiadas: Corr\u00eaas, Nogueira, Alto da Serra, Posse, Brejal, Pedro do Rio, Cascatinha, Bairro Castrioto, Mosela, Araras, Retiro, Centro e At\u00edlio Marotti.<br><br><strong>Passeio do Bem:<\/strong> projeto que visa ampliar o acesso de crian\u00e7as, jovens, adultos, idosos e PCDs aos espa\u00e7os culturais, educacionais e tur\u00edsticos do Estado do Rio de Janeiro, de forma gratuita.<br>Localidades beneficiadas: Caxamb\u00fa, Vale das Videiras, Bingen, Itaipava, Fazenda Inglesa, Castelo S\u00e3o Manoel, Comunidade da Grota dos Frias, Bairro Castrioto, Brejal, Posse, S\u00e3o Sebasti\u00e3o, Moinho Preto, Sim\u00e9ria, Comunidade do Alem\u00e3o, Retiro, Araras e Secret\u00e1rio.<\/p>\n\n\n\n<p><strong>Ambiente Jovem: <\/strong>capacita\u00e7\u00e3o remunerada para jovens de 16 a 24 anos. visando a valoriza\u00e7\u00e3o e preserva\u00e7\u00e3o do meio ambiente;<br>Localidades beneficiadas: Castelo S\u00e3o Manoel e Independ\u00eancia.<\/p>\n\n\n\n<p><strong>Estrada Agro RJ:<\/strong> melhorias da trafegabilidade nas \u00e1reas rurais, visando o melhor escoamento da produ\u00e7\u00e3o agr\u00edcola;<br>Localidades beneficiadas: Brejal, Bonfim e Caxamb\u00fa.<\/p>\n\n\n\n<p><strong>Limpa Rio: <\/strong>programa de preserva\u00e7\u00e3o e limpeza dos rios da cidade.<br>Localidades beneficiadas: Corr\u00eaas e Nogueira.<\/p>\n","protected":false},"excerpt":{"rendered":"<p>Com experi\u00eancia em direito p\u00fablico, atuou como Procurador do Munic\u00edpio de Petr\u00f3polis e como Presidente do Inpas &#8211; Instituto de Previd\u00eancia e Assist\u00eancia Social do &hellip;<\/p>\n","protected":false},"author":2,"featured_media":84,"parent":0,"menu_order":0,"comment_status":"closed","ping_status":"closed","template":"","meta":{"footnotes":""},"_links":{"self":[{"href":"https:\/\/joaovonseehausen.com.br\/index.php?rest_route=\/wp\/v2\/pages\/12"}],"collection":[{"href":"https:\/\/joaovonseehausen.com.br\/index.php?rest_route=\/wp\/v2\/pages"}],"about":[{"href":"https:\/\/joaovonseehausen.com.br\/index.php?rest_route=\/wp\/v2\/types\/page"}],"author":[{"embeddable":true,"href":"https:\/\/joaovonseehausen.com.br\/index.php?rest_route=\/wp\/v2\/users\/2"}],"replies":[{"embeddable":true,"href":"https:\/\/joaovonseehausen.com.br\/index.php?rest_route=%2Fwp%2Fv2%2Fcomments&post=12"}],"version-history":[{"count":2,"href":"https:\/\/joaovonseehausen.com.br\/index.php?rest_route=\/wp\/v2\/pages\/12\/revisions"}],"predecessor-version":[{"id":83,"href":"https:\/\/joaovonseehausen.com.br\/index.php?rest_route=\/wp\/v2\/pages\/12\/revisions\/83"}],"wp:featuredmedia":[{"embeddable":true,"href":"https:\/\/joaovonseehausen.com.br\/index.php?rest_route=\/wp\/v2\/media\/84"}],"wp:attachment":[{"href":"https:\/\/joaovonseehausen.com.br\/index.php?rest_route=%2Fwp%2Fv2%2Fmedia&parent=12"}],"curies":[{"name":"wp","href":"https:\/\/api.w.org\/{rel}","templated":true}]}}