{"id":10,"date":"2024-07-03T10:04:32","date_gmt":"2024-07-03T13:04:32","guid":{"rendered":"https:\/\/joaovonseehausen.com.br\/?page_id=10"},"modified":"2024-08-16T01:31:21","modified_gmt":"2024-08-16T04:31:21","slug":"conheca-o-joao","status":"publish","type":"page","link":"https:\/\/joaovonseehausen.com.br\/?page_id=10","title":{"rendered":"Conhe\u00e7a o Jo\u00e3o"},"content":{"rendered":"\n<p>Jo\u00e3o von Seehausen, 36 anos, \u00e9 um petropolitano apaixonado por sua cidade e por seus conterr\u00e2neos. Formado advogado pelo IBMEC, escolheu a profiss\u00e3o pela vontade de ouvir e ajudar pessoas, sempre buscando o que \u00e9 justo, com o amparo das leis.<\/p>\n\n\n\n<p>Com experi\u00eancia em direito p\u00fablico, atuou como Procurador do Munic\u00edpio de Petr\u00f3polis e como Presidente do Inpas &#8211; Instituto de Previd\u00eancia e Assist\u00eancia Social do Servidor P\u00fablico do Munic\u00edpio de Petr\u00f3polis. Mas foi como Assessor do Governo do Estado do Rio de Janeiro, que pode concretizar o sonho de transformar a vida de muitas pessoas, principalmente atrav\u00e9s da implementa\u00e7\u00e3o de projetos como o RJ Para Todos + Servi\u00e7os, o Passeio do Bem, o Estrada Agro RJ, o Limpa Rio e o Ambiente Jovem.<\/p>\n\n\n\n<p>Filho da Shirlei e do Marcus; irm\u00e3o da Catarina, da Fernanda e do Jo\u00e3o Pedro, seu xar\u00e1 de 2 anos de idade, Jo\u00e3o \u00e9 muito ligado \u00e0 fam\u00edlia.<\/p>\n\n\n\n<p>At\u00e9 os tr\u00eas anos de idade, foi morador do bairro Mosela. No entanto, a maior parte de sua inf\u00e2ncia e por toda a adolesc\u00eancia, viveu no Castelo S\u00e3o Manoel, em Corr\u00eaas. Hoje, \u00e9 um ex\u00edmio morador do distrito de Itaipava, regi\u00e3o pela qual tem grande liga\u00e7\u00e3o afetiva, j\u00e1 que suas principais mem\u00f3rias passam por Corr\u00eaas, Nogueira, Itaipava e Secret\u00e1rio, locais aonde ainda vivem amigos e familiares.<\/p>\n\n\n\n<p>Embora seja um verdadeiro apreciador da gastronomia e excelente cozinheiro, seu talento nato sempre foi dialogar com pessoas, em todas as esferas sociais, fazendo uso da simplicidade genu\u00edna, aliada ao conhecimento t\u00e9cnico-profissional, para se chegar \u00e0 solu\u00e7\u00e3o de problemas.<\/p>\n\n\n\n<p>\u00c9 com esse objetivo que Jo\u00e3o tem caminhado pelas ruas e comunidades de Petr\u00f3polis, ouvindo os setores e os bairros e conversando sobre as principais quest\u00f5es que afligem a sociedade local, com o objetivo de fazer um trabalho diferenciado, t\u00e9cnico, participativo e, principalmente, eficiente para uma verdadeira transforma\u00e7\u00e3o na vida das pessoas de sua cidade.<\/p>\n\n\n\n<p>Este ano, Jo\u00e3o \u00e9 candidato a vereador de sua amada cidade de Petr\u00f3polis, pelo MDB, com o n\u00famero 15.123, na certeza de que a cidade precisa de renova\u00e7\u00e3o com experi\u00eancia e compet\u00eancia.<\/p>\n","protected":false},"excerpt":{"rendered":"<p>Jo\u00e3o von Seehausen, 36 anos, \u00e9 um petropolitano apaixonado por sua cidade e por seus conterr\u00e2neos. Formado advogado pelo IBMEC, escolheu a profiss\u00e3o pela vontade &hellip;<\/p>\n","protected":false},"author":2,"featured_media":81,"parent":0,"menu_order":0,"comment_status":"closed","ping_status":"closed","template":"","meta":{"footnotes":""},"_links":{"self":[{"href":"https:\/\/joaovonseehausen.com.br\/index.php?rest_route=\/wp\/v2\/pages\/10"}],"collection":[{"href":"https:\/\/joaovonseehausen.com.br\/index.php?rest_route=\/wp\/v2\/pages"}],"about":[{"href":"https:\/\/joaovonseehausen.com.br\/index.php?rest_route=\/wp\/v2\/types\/page"}],"author":[{"embeddable":true,"href":"https:\/\/joaovonseehausen.com.br\/index.php?rest_route=\/wp\/v2\/users\/2"}],"replies":[{"embeddable":true,"href":"https:\/\/joaovonseehausen.com.br\/index.php?rest_route=%2Fwp%2Fv2%2Fcomments&post=10"}],"version-history":[{"count":3,"href":"https:\/\/joaovonseehausen.com.br\/index.php?rest_route=\/wp\/v2\/pages\/10\/revisions"}],"predecessor-version":[{"id":68,"href":"https:\/\/joaovonseehausen.com.br\/index.php?rest_route=\/wp\/v2\/pages\/10\/revisions\/68"}],"wp:featuredmedia":[{"embeddable":true,"href":"https:\/\/joaovonseehausen.com.br\/index.php?rest_route=\/wp\/v2\/media\/81"}],"wp:attachment":[{"href":"https:\/\/joaovonseehausen.com.br\/index.php?rest_route=%2Fwp%2Fv2%2Fmedia&parent=10"}],"curies":[{"name":"wp","href":"https:\/\/api.w.org\/{rel}","templated":true}]}}